{"id":192,"date":"2020-03-02T16:01:08","date_gmt":"2020-03-02T16:01:08","guid":{"rendered":"http:\/\/ccnatacion.local\/storage_prov\/?page_id=2"},"modified":"2023-03-08T17:04:25","modified_gmt":"2023-03-08T23:04:25","slug":"sucursales","status":"publish","type":"page","link":"https:\/\/www.ccnatacion.com\/storage_prov\/sucursales\/","title":{"rendered":"Sucursales"},"content":{"rendered":"\r\n<div class=\"d-none d-lg-block\">\r\n<div class=\"hero-image \" style=\"background-image: url('\/wp-content\/themes\/ccnatacion\/assets\/image\/valores\/ni\u00f1os.jpg');\">\u00a0<\/div>\r\n<\/div>\r\n<h1 class=\"text-blue pt-5 title-cc suc-tm text-center \">Sucursales Club Ca\u00f1ada<\/h1>\r\n<div class=\"desktop-padding\">\r\n<div id=\"canada\" class=\"w-50  float-left pr-2 desktop-padding-r\">\r\n<div class=\"desktop-margin-b mt-4 position-relative w-100 overflow-hidden d-flex justify-content-center\">\r\n<div class=\"swiper-container swiper-sucursal-canada\">\r\n<div class=\"swiper-wrapper\">\r\n<div class=\"swiper-slide\">\r\n<div class=\"mask-1 w-100 h-100 position-absolute\">\u00a0<\/div>\r\n<div class=\"position-absolute w-100 h-100 d-flex align-items-start flex-column\">\r\n<div class=\"mb-auto  text-gallery w-100\">\r\n<h4 class=\"box-title box-suc\">CA\u00d1ADA<\/h4>\r\n<div class=\"desktop-padding tam-box\">\r\n<p class=\"p-2 w-100 text-white text-center\">Escuela de nataci\u00f3n para beb\u00e9s en Jardines del Pedregal<\/p>\r\n<p class=\"p-2 w-100 text-white text-center\">Nuestra Sucursal Ca\u00f1ada es exclusivamente para beb\u00e9s<\/p>\r\n<p class=\"pt-5 mt-5 w-100 text-white text-center\">\u00a1Ens\u00e9\u00f1ale a nadar a tu beb\u00e9!<\/p>\r\n<\/div>\r\n<\/div>\r\n<div class=\"w-100 d-flex justify-content-center mb-3 mb-md-5\">\u00a0<\/div>\r\n<div class=\"w-100 d-flex mb-5 justify-content-center\"><a class=\"btn Btn-ag btn-gallery btn-gallery hvr-grow-shadow\" data-toggle=\"modal\" data-target=\"#ModalClase\">AGENDAR CLASE DE NATACI\u00d3N<\/a><\/div>\r\n<\/div>\r\n<img decoding=\"async\" class=\"img-gallery-big\" src=\"\/wp-content\/themes\/ccnatacion\/assets\/image\/valores\/1200-720-2.jpg\" alt=\"valores\" \/><\/div>\r\n<div class=\"swiper-slide\">\r\n<div class=\"mask-1 w-100 h-100 position-absolute\">\u00a0<\/div>\r\n<div class=\"position-absolute w-100 h-100 d-flex align-items-start flex-column\">\r\n<div class=\"mb-auto  text-gallery w-100\">\r\n<h4 class=\"box-title box-suc\">CA\u00d1ADA<\/h4>\r\n<div class=\"desktop-padding tam-box\">\r\n<p class=\"p-2 w-100 text-white text-center\">Escuela de nataci\u00f3n para beb\u00e9s en Jardines del Pedregal<\/p>\r\n<p class=\"p-2 w-100 text-white text-center\">Nuestra Sucursal Ca\u00f1ada es exclusivamente para beb\u00e9s<\/p>\r\n<p class=\"pt-5 mt-5 w-100 text-white text-center\">\u00a1Ens\u00e9\u00f1ale a nadar a tu beb\u00e9!<\/p>\r\n<\/div>\r\n<\/div>\r\n<div class=\"w-100 d-flex justify-content-center mb-3 mb-md-5\">\u00a0<\/div>\r\n<div class=\"w-100 d-flex mb-5 justify-content-center\"><a class=\"btn Btn-ag btn-gallery btn-gallery hvr-grow-shadow\" data-toggle=\"modal\" data-target=\"#ModalClase\">AGENDAR CLASE DE NATACI\u00d3N<\/a><\/div>\r\n<\/div>\r\n<img decoding=\"async\" class=\"img-gallery-small\" src=\"\/wp-content\/themes\/ccnatacion\/assets\/image\/valores\/Arriba1.JPG\" alt=\"valores\" \/><\/div>\r\n<\/div>\r\n<!-- Add Arrows -->\r\n<div class=\"swiper-button-next swiper-buttons\">\u00a0<\/div>\r\n<div class=\"swiper-button-prev swiper-buttons\">\u00a0<\/div>\r\n<\/div>\r\n<\/div>\r\n<div id=\"jeronimo\" class=\"desktop-margin-b mt-4 position-relative w-100 overflow-hidden d-flex justify-content-center\">\r\n<div class=\"swiper-container swiper-sucursal-sj\">\r\n<div class=\"swiper-wrapper\">\r\n<div class=\"swiper-slide\">\r\n<div class=\"mask-1 w-100 h-100 position-absolute\">\u00a0<\/div>\r\n<div class=\"position-absolute w-100 h-100 d-flex align-items-start flex-column\">\r\n<div class=\"mb-auto text-gallery w-100\">\r\n<h4 class=\"box-title box-suc\">SAN JER\u00d3NIMO<\/h4>\r\n<div class=\"desktop-padding tam-box\">\r\n<p class=\"p-2 w-100 text-white text-center\">Escuela de nataci\u00f3n para beb\u00e9s, ni\u00f1os y adultos en San Jer\u00f3nimo. Clases individuales o grupales para toda la familia.<\/p>\r\n<p class=\"pt-5 mt-5 w-100 text-white text-center\">\u00a1Ens\u00e9\u00f1ale a nadar a tu beb\u00e9!<\/p>\r\n<\/div>\r\n<\/div>\r\n<div class=\"w-100 d-flex justify-content-center mb-3 mb-md-5\">\u00a0<\/div>\r\n<div class=\"w-100 d-flex mb-5 justify-content-center\"><a class=\"btn Btn-ag btn-gallery btn-gallery hvr-grow-shadow\" data-toggle=\"modal\" data-target=\"#ModalClase\">AGENDAR CLASE DE NATACI\u00d3N<\/a><\/div>\r\n<\/div>\r\n<img decoding=\"async\" class=\"img-gallery-big\" src=\"\/wp-content\/themes\/ccnatacion\/assets\/image\/valores\/Columpio.jpg\" alt=\"valores\" \/><\/div>\r\n<\/div>\r\n<!-- Add Arrows -->\r\n<div class=\"swiper-button-next swiper-buttons\">\u00a0<\/div>\r\n<div class=\"swiper-button-prev swiper-buttons\">\u00a0<\/div>\r\n<\/div>\r\n<\/div>\r\n<div id=\"DelValle\" class=\"desktop-margin-b mt-4 position-relative w-100 overflow-hidden d-flex justify-content-center\">\r\n<div class=\"swiper-container swiper-sucursal-dv\">\r\n<div class=\"swiper-wrapper\">\r\n<div class=\"swiper-slide\">\r\n<div class=\"mask-1 w-100 h-100 position-absolute\">\u00a0<\/div>\r\n<div class=\"position-absolute w-100 h-100 d-flex align-items-start flex-column\">\r\n<div class=\"mb-auto text-gallery w-100\">\r\n<h4 class=\"box-title box-suc\">DEL VALLE<\/h4>\r\n<div class=\"desktop-padding tam-box\">\r\n<p class=\"p-2 w-100 text-white text-center\">Escuela de nataci\u00f3n para beb\u00e9s, ni\u00f1os y adultos en Colonia del Valle. Clases individuales o grupales para toda la familia.<\/p>\r\n<\/div>\r\n<\/div>\r\n<div class=\"w-100 d-flex justify-content-center mb-3 mb-md-5\">\u00a0<\/div>\r\n<div class=\"w-100 d-flex mb-5 justify-content-center\"><a class=\"btn Btn-ag btn-gallery btn-gallery hvr-grow-shadow\" data-toggle=\"modal\" data-target=\"#ModalClase\">AGENDAR CLASE DE NATACI\u00d3N<\/a><\/div>\r\n<\/div>\r\n<img decoding=\"async\" class=\"img-gallery-small\" src=\"\/wp-content\/themes\/ccnatacion\/assets\/image\/valores\/Arriba1.JPG\" alt=\"valores\" \/><\/div>\r\n<\/div>\r\n<!-- Add Arrows -->\r\n<div class=\"swiper-button-next swiper-buttons\">\u00a0<\/div>\r\n<div class=\"swiper-button-prev swiper-buttons\">\u00a0<\/div>\r\n<\/div>\r\n<\/div>\r\n<\/div>\r\n<div id=\"gran\" class=\"w-50  float-right pl-2 desktop-padding-l\">\r\n<div class=\"desktop-margin-b mt-4 position-relative w-100 overflow-hidden d-flex justify-content-center\">\r\n<div class=\"swiper-container swiper-sucursal-sf\">\r\n<div class=\"swiper-wrapper\">\r\n<div class=\"swiper-slide\">\r\n<div class=\"mask-1 w-100 h-100 position-absolute\">\u00a0<\/div>\r\n<div class=\"position-absolute w-100 h-100 d-flex align-items-start flex-column\">\r\n<div class=\"mb-auto text-gallery w-100\">\r\n<h4 class=\"box-title box-suc\">GRAND SAN FRANCISCO<\/h4>\r\n<div class=\"desktop-padding tam-box\">\r\n<p class=\"p-2 w-100 text-white text-center\">Nuestra Escuela de Nataci\u00f3n ubicada en Desierto de los Leones te ofrece clases de nataci\u00f3n para beb\u00e9s, ni\u00f1os y adultos.<\/p>\r\n<p class=\"pt-2 mt-5 w-100 text-white text-center\">\u00a1Ens\u00e9\u00f1ale a nadar a tu beb\u00e9!<\/p>\r\n<\/div>\r\n<\/div>\r\n<div class=\"w-100 d-flex justify-content-center mb-3 mb-md-5\">\u00a0<\/div>\r\n<div class=\"w-100 d-flex mb-5 justify-content-center\"><a class=\"btn Btn-ag btn-gallery btn-gallery hvr-grow-shadow\" data-toggle=\"modal\" data-target=\"#ModalClase\">AGENDAR CLASE DE NATACI\u00d3N<\/a><\/div>\r\n<\/div>\r\n<img decoding=\"async\" class=\"img-gallery-small\" src=\"\/wp-content\/themes\/ccnatacion\/assets\/image\/valores\/Espacio.jpg\" alt=\"valores\" \/><\/div>\r\n<\/div>\r\n<!-- Add Arrows -->\r\n<div class=\"swiper-button-next swiper-buttons\">\u00a0<\/div>\r\n<div class=\"swiper-button-prev swiper-buttons\">\u00a0<\/div>\r\n<\/div>\r\n<\/div>\r\n<div id=\"gruta\" class=\"desktop-margin-b mt-4 position-relative w-100 overflow-hidden d-flex justify-content-center\">\r\n<div class=\"swiper-container swiper-sucursal-gruta\">\r\n<div class=\"swiper-wrapper\">\r\n<div class=\"swiper-slide\">\r\n<div class=\"mask-1 w-100 h-100 position-absolute\">\u00a0<\/div>\r\n<div class=\"position-absolute w-100 h-100 d-flex align-items-start flex-column\">\r\n<div class=\"mb-auto text-gallery w-100\">\r\n<h3 class=\"box-title box-suc\">GRUTA<\/h3>\r\n<div class=\"desktop-padding tam-box\">\r\n<p class=\"p-2 w-100 text-white text-center\">Escuela de nataci\u00f3n en Jardines del Pedregal.<\/p>\r\n<p class=\"p-2 w-100 text-white text-center\">Nuestra Sucursal Gruta te sorprender\u00e1.<\/p>\r\n<p class=\"p-2 w-100 text-white text-center\">\u00a1Aprende a nadar ahora!<\/p>\r\n<\/div>\r\n<\/div>\r\n<div class=\"w-100 d-flex justify-content-center mb-3 mb-md-5\">\u00a0<\/div>\r\n<div class=\"w-100 d-flex mb-5 justify-content-center\"><a class=\"btn Btn-ag btn-gallery btn-gallery hvr-grow-shadow\" data-toggle=\"modal\" data-target=\"#ModalClase\">AGENDAR CLASE DE NATACI\u00d3N<\/a><\/div>\r\n<\/div>\r\n<img decoding=\"async\" class=\"img-gallery-small\" src=\"\/wp-content\/themes\/ccnatacion\/assets\/image\/valores\/M-720.jpg\" alt=\"valores\" \/><\/div>\r\n<\/div>\r\n<!-- Add Arrows -->\r\n<div class=\"swiper-button-next swiper-buttons\">\u00a0<\/div>\r\n<div class=\"swiper-button-prev swiper-buttons\">\u00a0<\/div>\r\n<\/div>\r\n<\/div>\r\n<div id=\"santa\" class=\"desktop-padding-b mt-4 position-relative w-100 overflow-hidden d-flex justify-content-center\">\r\n<div class=\"swiper-container swiper-sucursal-sf\">\r\n<div class=\"swiper-wrapper\">\r\n<div class=\"swiper-slide\">\r\n<div class=\"mask-1 w-100 h-100 position-absolute\">\u00a0<\/div>\r\n<div class=\"position-absolute w-100 h-100 d-flex align-items-start flex-column\">\r\n<div class=\"mb-auto text-gallery w-100\">\r\n<h4 class=\"box-suc box-title\">SANTA FE<\/h4>\r\n<div class=\"desktop-padding tam-box\">\r\n<p class=\"p-2 w-100 text-white text-center\">Escuela y clases de nataci\u00f3n para beb\u00e9s, ni\u00f1os y adultos en Garden Santa Fe. Clases individuales y grupales.<\/p>\r\n<\/div>\r\n<\/div>\r\n<div class=\"w-100 d-flex justify-content-center mb-3 mb-md-5\">\u00a0<\/div>\r\n<div class=\"w-100 d-flex mb-5 justify-content-center\"><a class=\"btn Btn-ag btn-gallery btn-gallery hvr-grow-shadow\" data-toggle=\"modal\" data-target=\"#ModalClase\">AGENDAR CLASE DE NATACI\u00d3N<\/a><\/div>\r\n<\/div>\r\n<img decoding=\"async\" class=\"img-gallery-big\" src=\"\/wp-content\/themes\/ccnatacion\/assets\/image\/valores\/Alberca.jpg\" alt=\"valores\" \/><\/div>\r\n<\/div>\r\n<!-- Add Arrows -->\r\n<div class=\"swiper-button-next swiper-buttons\">\u00a0<\/div>\r\n<div class=\"swiper-button-prev swiper-buttons\">\u00a0<\/div>\r\n<\/div>\r\n<\/div>\r\n<div id=\"satelite\" class=\"desktop-padding-b mt-4 position-relative w-100 overflow-hidden d-flex justify-content-center\">\r\n<div class=\"swiper-container swiper-sucursal-sf\">\r\n<div class=\"swiper-wrapper\">\r\n<div class=\"swiper-slide\">\r\n<div class=\"mask-1 w-100 h-100 position-absolute\">\u00a0<\/div>\r\n<div class=\"position-absolute w-100 h-100 d-flex align-items-start flex-column\">\r\n<div class=\"mb-auto text-gallery w-100\">\r\n<h4 class=\"box-suc box-title\">SAT\u00c9LITE<\/h4>\r\n<div class=\"desktop-padding tam-box\">\r\n<p class=\"p-2 w-100 text-white text-center\">Escuela y clases de nataci\u00f3n para beb\u00e9s, ni\u00f1os y adultos en SAT\u00c9LITE Clases individuales y grupales.<\/p>\r\n<\/div>\r\n<\/div>\r\n<div class=\"w-100 d-flex justify-content-center mb-3 mb-md-5\">\u00a0<\/div>\r\n<div class=\"w-100 d-flex mb-5 justify-content-center\"><a class=\"btn Btn-ag btn-gallery btn-gallery hvr-grow-shadow\" data-toggle=\"modal\" data-target=\"#ModalClase\">AGENDAR CLASE DE NATACI\u00d3N<\/a><\/div>\r\n<\/div>\r\n<img decoding=\"async\" class=\"img-gallery-big\" src=\"\/wp-content\/themes\/ccnatacion\/assets\/image\/valores\/Alberca.jpg\" alt=\"valores\" \/><\/div>\r\n<\/div>\r\n<!-- Add Arrows -->\r\n<div class=\"swiper-button-next swiper-buttons\">\u00a0<\/div>\r\n<div class=\"swiper-button-prev swiper-buttons\">\u00a0<\/div>\r\n<\/div>\r\n<\/div>\r\n<\/div>\r\n<\/div>\r\n","protected":false},"excerpt":{"rendered":"<p>\u00a0 Sucursales Club Ca\u00f1ada \u00a0 CA\u00d1ADA Escuela de nataci\u00f3n para beb\u00e9s en Jardines del Pedregal Nuestra Sucursal Ca\u00f1ada es exclusivamente para beb\u00e9s \u00a1Ens\u00e9\u00f1ale a nadar a tu beb\u00e9! \u00a0 AGENDAR CLASE DE NATACI\u00d3N \u00a0 CA\u00d1ADA Escuela de nataci\u00f3n para beb\u00e9s en Jardines del Pedregal Nuestra Sucursal Ca\u00f1ada es exclusivamente para beb\u00e9s \u00a1Ens\u00e9\u00f1ale a nadar a [&hellip;]<\/p>\n","protected":false},"author":8,"featured_media":0,"parent":0,"menu_order":0,"comment_status":"closed","ping_status":"closed","template":"page-sucursal.php","meta":{"_joinchat":{"view":"no"},"footnotes":""},"class_list":["post-192","page","type-page","status-publish","hentry"],"yoast_head":"<!-- This site is optimized with the Yoast SEO plugin v23.6 - https:\/\/yoast.com\/wordpress\/plugins\/seo\/ -->\n<title>Conoce Nuestras Sucursales - Club Ca\u00f1ada Nataci\u00f3n<\/title>\n<meta name=\"description\" content=\"Encuentra la Sucursal m\u00e1s cercana a tu domicilio. Nuestras cuenta con una excelente ubicaci\u00f3n. Agenda tu clase gratis hoy\" \/>\n<meta name=\"robots\" content=\"index, follow, max-snippet:-1, max-image-preview:large, max-video-preview:-1\" \/>\n<link rel=\"canonical\" href=\"https:\/\/www.ccnatacion.com\/storage_prov\/sucursales\/\" \/>\n<meta property=\"og:locale\" content=\"es_MX\" \/>\n<meta property=\"og:type\" content=\"article\" \/>\n<meta property=\"og:title\" content=\"Conoce Nuestras Sucursales - Club Ca\u00f1ada Nataci\u00f3n\" \/>\n<meta property=\"og:description\" content=\"Encuentra la Sucursal m\u00e1s cercana a tu domicilio. Nuestras cuenta con una excelente ubicaci\u00f3n. Agenda tu clase gratis hoy\" \/>\n<meta property=\"og:url\" content=\"https:\/\/www.ccnatacion.com\/storage_prov\/sucursales\/\" \/>\n<meta property=\"og:site_name\" content=\"Club Ca\u00f1ada Nataci\u00f3n\" \/>\n<meta property=\"article:modified_time\" content=\"2023-03-08T23:04:25+00:00\" \/>\n<meta name=\"twitter:card\" content=\"summary_large_image\" \/>\n<meta name=\"twitter:label1\" content=\"Tiempo de lectura\" \/>\n\t<meta name=\"twitter:data1\" content=\"3 minutos\" \/>\n<script type=\"application\/ld+json\" class=\"yoast-schema-graph\">{\"@context\":\"https:\/\/schema.org\",\"@graph\":[{\"@type\":\"WebPage\",\"@id\":\"https:\/\/www.ccnatacion.com\/storage_prov\/sucursales\/\",\"url\":\"https:\/\/www.ccnatacion.com\/storage_prov\/sucursales\/\",\"name\":\"Conoce Nuestras Sucursales - Club Ca\u00f1ada Nataci\u00f3n\",\"isPartOf\":{\"@id\":\"https:\/\/www.ccnatacion.com\/storage_prov\/#website\"},\"datePublished\":\"2020-03-02T16:01:08+00:00\",\"dateModified\":\"2023-03-08T23:04:25+00:00\",\"description\":\"Encuentra la Sucursal m\u00e1s cercana a tu domicilio. Nuestras cuenta con una excelente ubicaci\u00f3n. Agenda tu clase gratis hoy\",\"breadcrumb\":{\"@id\":\"https:\/\/www.ccnatacion.com\/storage_prov\/sucursales\/#breadcrumb\"},\"inLanguage\":\"es\",\"potentialAction\":[{\"@type\":\"ReadAction\",\"target\":[\"https:\/\/www.ccnatacion.com\/storage_prov\/sucursales\/\"]}]},{\"@type\":\"BreadcrumbList\",\"@id\":\"https:\/\/www.ccnatacion.com\/storage_prov\/sucursales\/#breadcrumb\",\"itemListElement\":[{\"@type\":\"ListItem\",\"position\":1,\"name\":\"Inicio\",\"item\":\"https:\/\/www.ccnatacion.com\/storage_prov\/\"},{\"@type\":\"ListItem\",\"position\":2,\"name\":\"Sucursales\"}]},{\"@type\":\"WebSite\",\"@id\":\"https:\/\/www.ccnatacion.com\/storage_prov\/#website\",\"url\":\"https:\/\/www.ccnatacion.com\/storage_prov\/\",\"name\":\"Club Ca\u00f1ada Nataci\u00f3n\",\"description\":\"Escuela de Nataci\u00f3n Club Ca\u00f1ada. Con m\u00e1s de 20 a\u00f1os de experiencia desarrollando nuestro m\u00e9todo \u00fanico en clases de nataci\u00f3n para beb\u00e9s, ni\u00f1os, j\u00f3venes y adultos, el cual nos convierte en el mejor lugar para aprender a nadar.\",\"publisher\":{\"@id\":\"https:\/\/www.ccnatacion.com\/storage_prov\/#organization\"},\"potentialAction\":[{\"@type\":\"SearchAction\",\"target\":{\"@type\":\"EntryPoint\",\"urlTemplate\":\"https:\/\/www.ccnatacion.com\/storage_prov\/?s={search_term_string}\"},\"query-input\":{\"@type\":\"PropertyValueSpecification\",\"valueRequired\":true,\"valueName\":\"search_term_string\"}}],\"inLanguage\":\"es\"},{\"@type\":\"Organization\",\"@id\":\"https:\/\/www.ccnatacion.com\/storage_prov\/#organization\",\"name\":\"Club Ca\u00f1ada Nataci\u00f3n\",\"url\":\"https:\/\/www.ccnatacion.com\/storage_prov\/\",\"logo\":{\"@type\":\"ImageObject\",\"inLanguage\":\"es\",\"@id\":\"https:\/\/www.ccnatacion.com\/storage_prov\/#\/schema\/logo\/image\/\",\"url\":\"https:\/\/www.ccnatacion.com\/storage_prov\/wp-content\/uploads\/2021\/01\/Logo-color-min.png\",\"contentUrl\":\"https:\/\/www.ccnatacion.com\/storage_prov\/wp-content\/uploads\/2021\/01\/Logo-color-min.png\",\"width\":488,\"height\":75,\"caption\":\"Club Ca\u00f1ada Nataci\u00f3n\"},\"image\":{\"@id\":\"https:\/\/www.ccnatacion.com\/storage_prov\/#\/schema\/logo\/image\/\"}}]}<\/script>\n<!-- \/ Yoast SEO plugin. -->","yoast_head_json":{"title":"Conoce Nuestras Sucursales - Club Ca\u00f1ada Nataci\u00f3n","description":"Encuentra la Sucursal m\u00e1s cercana a tu domicilio. Nuestras cuenta con una excelente ubicaci\u00f3n. Agenda tu clase gratis hoy","robots":{"index":"index","follow":"follow","max-snippet":"max-snippet:-1","max-image-preview":"max-image-preview:large","max-video-preview":"max-video-preview:-1"},"canonical":"https:\/\/www.ccnatacion.com\/storage_prov\/sucursales\/","og_locale":"es_MX","og_type":"article","og_title":"Conoce Nuestras Sucursales - Club Ca\u00f1ada Nataci\u00f3n","og_description":"Encuentra la Sucursal m\u00e1s cercana a tu domicilio. Nuestras cuenta con una excelente ubicaci\u00f3n. Agenda tu clase gratis hoy","og_url":"https:\/\/www.ccnatacion.com\/storage_prov\/sucursales\/","og_site_name":"Club Ca\u00f1ada Nataci\u00f3n","article_modified_time":"2023-03-08T23:04:25+00:00","twitter_card":"summary_large_image","twitter_misc":{"Tiempo de lectura":"3 minutos"},"schema":{"@context":"https:\/\/schema.org","@graph":[{"@type":"WebPage","@id":"https:\/\/www.ccnatacion.com\/storage_prov\/sucursales\/","url":"https:\/\/www.ccnatacion.com\/storage_prov\/sucursales\/","name":"Conoce Nuestras Sucursales - Club Ca\u00f1ada Nataci\u00f3n","isPartOf":{"@id":"https:\/\/www.ccnatacion.com\/storage_prov\/#website"},"datePublished":"2020-03-02T16:01:08+00:00","dateModified":"2023-03-08T23:04:25+00:00","description":"Encuentra la Sucursal m\u00e1s cercana a tu domicilio. Nuestras cuenta con una excelente ubicaci\u00f3n. Agenda tu clase gratis hoy","breadcrumb":{"@id":"https:\/\/www.ccnatacion.com\/storage_prov\/sucursales\/#breadcrumb"},"inLanguage":"es","potentialAction":[{"@type":"ReadAction","target":["https:\/\/www.ccnatacion.com\/storage_prov\/sucursales\/"]}]},{"@type":"BreadcrumbList","@id":"https:\/\/www.ccnatacion.com\/storage_prov\/sucursales\/#breadcrumb","itemListElement":[{"@type":"ListItem","position":1,"name":"Inicio","item":"https:\/\/www.ccnatacion.com\/storage_prov\/"},{"@type":"ListItem","position":2,"name":"Sucursales"}]},{"@type":"WebSite","@id":"https:\/\/www.ccnatacion.com\/storage_prov\/#website","url":"https:\/\/www.ccnatacion.com\/storage_prov\/","name":"Club Ca\u00f1ada Nataci\u00f3n","description":"Escuela de Nataci\u00f3n Club Ca\u00f1ada. Con m\u00e1s de 20 a\u00f1os de experiencia desarrollando nuestro m\u00e9todo \u00fanico en clases de nataci\u00f3n para beb\u00e9s, ni\u00f1os, j\u00f3venes y adultos, el cual nos convierte en el mejor lugar para aprender a nadar.","publisher":{"@id":"https:\/\/www.ccnatacion.com\/storage_prov\/#organization"},"potentialAction":[{"@type":"SearchAction","target":{"@type":"EntryPoint","urlTemplate":"https:\/\/www.ccnatacion.com\/storage_prov\/?s={search_term_string}"},"query-input":{"@type":"PropertyValueSpecification","valueRequired":true,"valueName":"search_term_string"}}],"inLanguage":"es"},{"@type":"Organization","@id":"https:\/\/www.ccnatacion.com\/storage_prov\/#organization","name":"Club Ca\u00f1ada Nataci\u00f3n","url":"https:\/\/www.ccnatacion.com\/storage_prov\/","logo":{"@type":"ImageObject","inLanguage":"es","@id":"https:\/\/www.ccnatacion.com\/storage_prov\/#\/schema\/logo\/image\/","url":"https:\/\/www.ccnatacion.com\/storage_prov\/wp-content\/uploads\/2021\/01\/Logo-color-min.png","contentUrl":"https:\/\/www.ccnatacion.com\/storage_prov\/wp-content\/uploads\/2021\/01\/Logo-color-min.png","width":488,"height":75,"caption":"Club Ca\u00f1ada Nataci\u00f3n"},"image":{"@id":"https:\/\/www.ccnatacion.com\/storage_prov\/#\/schema\/logo\/image\/"}}]}},"_links":{"self":[{"href":"https:\/\/www.ccnatacion.com\/storage_prov\/wp-json\/wp\/v2\/pages\/192","targetHints":{"allow":["GET"]}}],"collection":[{"href":"https:\/\/www.ccnatacion.com\/storage_prov\/wp-json\/wp\/v2\/pages"}],"about":[{"href":"https:\/\/www.ccnatacion.com\/storage_prov\/wp-json\/wp\/v2\/types\/page"}],"author":[{"embeddable":true,"href":"https:\/\/www.ccnatacion.com\/storage_prov\/wp-json\/wp\/v2\/users\/8"}],"replies":[{"embeddable":true,"href":"https:\/\/www.ccnatacion.com\/storage_prov\/wp-json\/wp\/v2\/comments?post=192"}],"version-history":[{"count":9,"href":"https:\/\/www.ccnatacion.com\/storage_prov\/wp-json\/wp\/v2\/pages\/192\/revisions"}],"predecessor-version":[{"id":2241,"href":"https:\/\/www.ccnatacion.com\/storage_prov\/wp-json\/wp\/v2\/pages\/192\/revisions\/2241"}],"wp:attachment":[{"href":"https:\/\/www.ccnatacion.com\/storage_prov\/wp-json\/wp\/v2\/media?parent=192"}],"curies":[{"name":"wp","href":"https:\/\/api.w.org\/{rel}","templated":true}]}}