{"id":1779,"date":"2021-10-12T12:26:03","date_gmt":"2021-10-12T18:26:03","guid":{"rendered":"https:\/\/www.ccnatacion.com\/storage_prov\/?page_id=1779"},"modified":"2023-03-08T17:04:46","modified_gmt":"2023-03-08T23:04:46","slug":"testimoniales","status":"publish","type":"page","link":"https:\/\/www.ccnatacion.com\/storage_prov\/testimoniales\/","title":{"rendered":"Testimoniales"},"content":{"rendered":"","protected":false},"excerpt":{"rendered":"","protected":false},"author":8,"featured_media":260,"parent":0,"menu_order":0,"comment_status":"closed","ping_status":"closed","template":"page-testimonial.php","meta":{"_joinchat":{"view":"no"},"footnotes":""},"class_list":["post-1779","page","type-page","status-publish","has-post-thumbnail","hentry"],"yoast_head":"<!-- This site is optimized with the Yoast SEO plugin v23.6 - https:\/\/yoast.com\/wordpress\/plugins\/seo\/ -->\n<title>Testimoniales - Club Ca\u00f1ada Nataci\u00f3n Con\u00f3cenos<\/title>\n<meta name=\"description\" content=\"En Club Ca\u00f1ada Nataci\u00f3n queremos lo mejor para ti. Conoce aqu\u00ed la experiencia de muchos de nuestros clientes.\" \/>\n<meta name=\"robots\" content=\"index, follow, max-snippet:-1, max-image-preview:large, max-video-preview:-1\" \/>\n<link rel=\"canonical\" href=\"https:\/\/www.ccnatacion.com\/storage_prov\/testimoniales\/\" \/>\n<meta property=\"og:locale\" content=\"es_MX\" \/>\n<meta property=\"og:type\" content=\"article\" \/>\n<meta property=\"og:title\" content=\"Testimoniales - Club Ca\u00f1ada Nataci\u00f3n Con\u00f3cenos\" \/>\n<meta property=\"og:description\" content=\"En Club Ca\u00f1ada Nataci\u00f3n queremos lo mejor para ti. Conoce aqu\u00ed la experiencia de muchos de nuestros clientes.\" \/>\n<meta property=\"og:url\" content=\"https:\/\/www.ccnatacion.com\/storage_prov\/testimoniales\/\" \/>\n<meta property=\"og:site_name\" content=\"Club Ca\u00f1ada Nataci\u00f3n\" \/>\n<meta property=\"article:modified_time\" content=\"2023-03-08T23:04:46+00:00\" \/>\n<meta property=\"og:image\" content=\"https:\/\/www.ccnatacion.com\/storage_prov\/wp-content\/uploads\/2019\/06\/relacion-entre-padre-e-hijo1-club-ca\u00f1ada.jpg\" \/>\n\t<meta property=\"og:image:width\" content=\"600\" \/>\n\t<meta property=\"og:image:height\" content=\"397\" \/>\n\t<meta property=\"og:image:type\" content=\"image\/jpeg\" \/>\n<meta name=\"twitter:card\" content=\"summary_large_image\" \/>\n<script type=\"application\/ld+json\" class=\"yoast-schema-graph\">{\"@context\":\"https:\/\/schema.org\",\"@graph\":[{\"@type\":\"WebPage\",\"@id\":\"https:\/\/www.ccnatacion.com\/storage_prov\/testimoniales\/\",\"url\":\"https:\/\/www.ccnatacion.com\/storage_prov\/testimoniales\/\",\"name\":\"Testimoniales - Club Ca\u00f1ada Nataci\u00f3n Con\u00f3cenos\",\"isPartOf\":{\"@id\":\"https:\/\/www.ccnatacion.com\/storage_prov\/#website\"},\"primaryImageOfPage\":{\"@id\":\"https:\/\/www.ccnatacion.com\/storage_prov\/testimoniales\/#primaryimage\"},\"image\":{\"@id\":\"https:\/\/www.ccnatacion.com\/storage_prov\/testimoniales\/#primaryimage\"},\"thumbnailUrl\":\"https:\/\/www.ccnatacion.com\/storage_prov\/wp-content\/uploads\/2019\/06\/relacion-entre-padre-e-hijo1-club-ca\u00f1ada.jpg\",\"datePublished\":\"2021-10-12T18:26:03+00:00\",\"dateModified\":\"2023-03-08T23:04:46+00:00\",\"description\":\"En Club Ca\u00f1ada Nataci\u00f3n queremos lo mejor para ti. Conoce aqu\u00ed la experiencia de muchos de nuestros clientes.\",\"breadcrumb\":{\"@id\":\"https:\/\/www.ccnatacion.com\/storage_prov\/testimoniales\/#breadcrumb\"},\"inLanguage\":\"es\",\"potentialAction\":[{\"@type\":\"ReadAction\",\"target\":[\"https:\/\/www.ccnatacion.com\/storage_prov\/testimoniales\/\"]}]},{\"@type\":\"ImageObject\",\"inLanguage\":\"es\",\"@id\":\"https:\/\/www.ccnatacion.com\/storage_prov\/testimoniales\/#primaryimage\",\"url\":\"https:\/\/www.ccnatacion.com\/storage_prov\/wp-content\/uploads\/2019\/06\/relacion-entre-padre-e-hijo1-club-ca\u00f1ada.jpg\",\"contentUrl\":\"https:\/\/www.ccnatacion.com\/storage_prov\/wp-content\/uploads\/2019\/06\/relacion-entre-padre-e-hijo1-club-ca\u00f1ada.jpg\",\"width\":600,\"height\":397,\"caption\":\"Testimoniales\"},{\"@type\":\"BreadcrumbList\",\"@id\":\"https:\/\/www.ccnatacion.com\/storage_prov\/testimoniales\/#breadcrumb\",\"itemListElement\":[{\"@type\":\"ListItem\",\"position\":1,\"name\":\"Inicio\",\"item\":\"https:\/\/www.ccnatacion.com\/storage_prov\/\"},{\"@type\":\"ListItem\",\"position\":2,\"name\":\"Testimoniales\"}]},{\"@type\":\"WebSite\",\"@id\":\"https:\/\/www.ccnatacion.com\/storage_prov\/#website\",\"url\":\"https:\/\/www.ccnatacion.com\/storage_prov\/\",\"name\":\"Club Ca\u00f1ada Nataci\u00f3n\",\"description\":\"Escuela de Nataci\u00f3n Club Ca\u00f1ada. Con m\u00e1s de 20 a\u00f1os de experiencia desarrollando nuestro m\u00e9todo \u00fanico en clases de nataci\u00f3n para beb\u00e9s, ni\u00f1os, j\u00f3venes y adultos, el cual nos convierte en el mejor lugar para aprender a nadar.\",\"publisher\":{\"@id\":\"https:\/\/www.ccnatacion.com\/storage_prov\/#organization\"},\"potentialAction\":[{\"@type\":\"SearchAction\",\"target\":{\"@type\":\"EntryPoint\",\"urlTemplate\":\"https:\/\/www.ccnatacion.com\/storage_prov\/?s={search_term_string}\"},\"query-input\":{\"@type\":\"PropertyValueSpecification\",\"valueRequired\":true,\"valueName\":\"search_term_string\"}}],\"inLanguage\":\"es\"},{\"@type\":\"Organization\",\"@id\":\"https:\/\/www.ccnatacion.com\/storage_prov\/#organization\",\"name\":\"Club Ca\u00f1ada Nataci\u00f3n\",\"url\":\"https:\/\/www.ccnatacion.com\/storage_prov\/\",\"logo\":{\"@type\":\"ImageObject\",\"inLanguage\":\"es\",\"@id\":\"https:\/\/www.ccnatacion.com\/storage_prov\/#\/schema\/logo\/image\/\",\"url\":\"https:\/\/www.ccnatacion.com\/storage_prov\/wp-content\/uploads\/2021\/01\/Logo-color-min.png\",\"contentUrl\":\"https:\/\/www.ccnatacion.com\/storage_prov\/wp-content\/uploads\/2021\/01\/Logo-color-min.png\",\"width\":488,\"height\":75,\"caption\":\"Club Ca\u00f1ada Nataci\u00f3n\"},\"image\":{\"@id\":\"https:\/\/www.ccnatacion.com\/storage_prov\/#\/schema\/logo\/image\/\"}}]}<\/script>\n<!-- \/ Yoast SEO plugin. -->","yoast_head_json":{"title":"Testimoniales - Club Ca\u00f1ada Nataci\u00f3n Con\u00f3cenos","description":"En Club Ca\u00f1ada Nataci\u00f3n queremos lo mejor para ti. Conoce aqu\u00ed la experiencia de muchos de nuestros clientes.","robots":{"index":"index","follow":"follow","max-snippet":"max-snippet:-1","max-image-preview":"max-image-preview:large","max-video-preview":"max-video-preview:-1"},"canonical":"https:\/\/www.ccnatacion.com\/storage_prov\/testimoniales\/","og_locale":"es_MX","og_type":"article","og_title":"Testimoniales - Club Ca\u00f1ada Nataci\u00f3n Con\u00f3cenos","og_description":"En Club Ca\u00f1ada Nataci\u00f3n queremos lo mejor para ti. Conoce aqu\u00ed la experiencia de muchos de nuestros clientes.","og_url":"https:\/\/www.ccnatacion.com\/storage_prov\/testimoniales\/","og_site_name":"Club Ca\u00f1ada Nataci\u00f3n","article_modified_time":"2023-03-08T23:04:46+00:00","og_image":[{"width":600,"height":397,"url":"https:\/\/www.ccnatacion.com\/storage_prov\/wp-content\/uploads\/2019\/06\/relacion-entre-padre-e-hijo1-club-ca\u00f1ada.jpg","type":"image\/jpeg"}],"twitter_card":"summary_large_image","schema":{"@context":"https:\/\/schema.org","@graph":[{"@type":"WebPage","@id":"https:\/\/www.ccnatacion.com\/storage_prov\/testimoniales\/","url":"https:\/\/www.ccnatacion.com\/storage_prov\/testimoniales\/","name":"Testimoniales - Club Ca\u00f1ada Nataci\u00f3n Con\u00f3cenos","isPartOf":{"@id":"https:\/\/www.ccnatacion.com\/storage_prov\/#website"},"primaryImageOfPage":{"@id":"https:\/\/www.ccnatacion.com\/storage_prov\/testimoniales\/#primaryimage"},"image":{"@id":"https:\/\/www.ccnatacion.com\/storage_prov\/testimoniales\/#primaryimage"},"thumbnailUrl":"https:\/\/www.ccnatacion.com\/storage_prov\/wp-content\/uploads\/2019\/06\/relacion-entre-padre-e-hijo1-club-ca\u00f1ada.jpg","datePublished":"2021-10-12T18:26:03+00:00","dateModified":"2023-03-08T23:04:46+00:00","description":"En Club Ca\u00f1ada Nataci\u00f3n queremos lo mejor para ti. Conoce aqu\u00ed la experiencia de muchos de nuestros clientes.","breadcrumb":{"@id":"https:\/\/www.ccnatacion.com\/storage_prov\/testimoniales\/#breadcrumb"},"inLanguage":"es","potentialAction":[{"@type":"ReadAction","target":["https:\/\/www.ccnatacion.com\/storage_prov\/testimoniales\/"]}]},{"@type":"ImageObject","inLanguage":"es","@id":"https:\/\/www.ccnatacion.com\/storage_prov\/testimoniales\/#primaryimage","url":"https:\/\/www.ccnatacion.com\/storage_prov\/wp-content\/uploads\/2019\/06\/relacion-entre-padre-e-hijo1-club-ca\u00f1ada.jpg","contentUrl":"https:\/\/www.ccnatacion.com\/storage_prov\/wp-content\/uploads\/2019\/06\/relacion-entre-padre-e-hijo1-club-ca\u00f1ada.jpg","width":600,"height":397,"caption":"Testimoniales"},{"@type":"BreadcrumbList","@id":"https:\/\/www.ccnatacion.com\/storage_prov\/testimoniales\/#breadcrumb","itemListElement":[{"@type":"ListItem","position":1,"name":"Inicio","item":"https:\/\/www.ccnatacion.com\/storage_prov\/"},{"@type":"ListItem","position":2,"name":"Testimoniales"}]},{"@type":"WebSite","@id":"https:\/\/www.ccnatacion.com\/storage_prov\/#website","url":"https:\/\/www.ccnatacion.com\/storage_prov\/","name":"Club Ca\u00f1ada Nataci\u00f3n","description":"Escuela de Nataci\u00f3n Club Ca\u00f1ada. Con m\u00e1s de 20 a\u00f1os de experiencia desarrollando nuestro m\u00e9todo \u00fanico en clases de nataci\u00f3n para beb\u00e9s, ni\u00f1os, j\u00f3venes y adultos, el cual nos convierte en el mejor lugar para aprender a nadar.","publisher":{"@id":"https:\/\/www.ccnatacion.com\/storage_prov\/#organization"},"potentialAction":[{"@type":"SearchAction","target":{"@type":"EntryPoint","urlTemplate":"https:\/\/www.ccnatacion.com\/storage_prov\/?s={search_term_string}"},"query-input":{"@type":"PropertyValueSpecification","valueRequired":true,"valueName":"search_term_string"}}],"inLanguage":"es"},{"@type":"Organization","@id":"https:\/\/www.ccnatacion.com\/storage_prov\/#organization","name":"Club Ca\u00f1ada Nataci\u00f3n","url":"https:\/\/www.ccnatacion.com\/storage_prov\/","logo":{"@type":"ImageObject","inLanguage":"es","@id":"https:\/\/www.ccnatacion.com\/storage_prov\/#\/schema\/logo\/image\/","url":"https:\/\/www.ccnatacion.com\/storage_prov\/wp-content\/uploads\/2021\/01\/Logo-color-min.png","contentUrl":"https:\/\/www.ccnatacion.com\/storage_prov\/wp-content\/uploads\/2021\/01\/Logo-color-min.png","width":488,"height":75,"caption":"Club Ca\u00f1ada Nataci\u00f3n"},"image":{"@id":"https:\/\/www.ccnatacion.com\/storage_prov\/#\/schema\/logo\/image\/"}}]}},"_links":{"self":[{"href":"https:\/\/www.ccnatacion.com\/storage_prov\/wp-json\/wp\/v2\/pages\/1779","targetHints":{"allow":["GET"]}}],"collection":[{"href":"https:\/\/www.ccnatacion.com\/storage_prov\/wp-json\/wp\/v2\/pages"}],"about":[{"href":"https:\/\/www.ccnatacion.com\/storage_prov\/wp-json\/wp\/v2\/types\/page"}],"author":[{"embeddable":true,"href":"https:\/\/www.ccnatacion.com\/storage_prov\/wp-json\/wp\/v2\/users\/8"}],"replies":[{"embeddable":true,"href":"https:\/\/www.ccnatacion.com\/storage_prov\/wp-json\/wp\/v2\/comments?post=1779"}],"version-history":[{"count":4,"href":"https:\/\/www.ccnatacion.com\/storage_prov\/wp-json\/wp\/v2\/pages\/1779\/revisions"}],"predecessor-version":[{"id":2315,"href":"https:\/\/www.ccnatacion.com\/storage_prov\/wp-json\/wp\/v2\/pages\/1779\/revisions\/2315"}],"wp:featuredmedia":[{"embeddable":true,"href":"https:\/\/www.ccnatacion.com\/storage_prov\/wp-json\/wp\/v2\/media\/260"}],"wp:attachment":[{"href":"https:\/\/www.ccnatacion.com\/storage_prov\/wp-json\/wp\/v2\/media?parent=1779"}],"curies":[{"name":"wp","href":"https:\/\/api.w.org\/{rel}","templated":true}]}}